{"id":505,"date":"2025-09-04T14:50:22","date_gmt":"2025-09-04T12:50:22","guid":{"rendered":"https:\/\/www.domaineroiarthur.com\/?page_id=505"},"modified":"2025-12-02T16:22:17","modified_gmt":"2025-12-02T15:22:17","slug":"privacy-policy","status":"publish","type":"page","link":"https:\/\/www.domaineroiarthur.com\/en\/politique-de-vie-privee\/","title":{"rendered":"Privacy policy"},"content":{"rendered":"\t\t<div data-elementor-type=\"wp-page\" data-elementor-id=\"505\" class=\"elementor elementor-505\" data-elementor-post-type=\"page\">\n\t\t\t\t<div class=\"elementor-element elementor-element-86d2491 e-con-full e-flex e-con e-parent\" data-id=\"86d2491\" data-element_type=\"container\" data-e-type=\"container\" id=\"hero\" data-settings=\"{&quot;background_background&quot;:&quot;slideshow&quot;,&quot;background_slideshow_gallery&quot;:[],&quot;background_slideshow_loop&quot;:&quot;yes&quot;,&quot;background_slideshow_slide_duration&quot;:5000,&quot;background_slideshow_slide_transition&quot;:&quot;fade&quot;,&quot;background_slideshow_transition_duration&quot;:500}\">\n\t\t\t\t<div class=\"elementor-element elementor-element-8ff459a elementor-absolute elementor-widget__width-inherit elementor-arrows-position-inside elementor-widget elementor-widget-n-carousel\" data-id=\"8ff459a\" data-element_type=\"widget\" data-e-type=\"widget\" data-settings=\"{&quot;carousel_items&quot;:[{&quot;slide_title&quot;:&quot;Diapositive N\\u00b01&quot;,&quot;_id&quot;:&quot;5e6053d&quot;}],&quot;slides_to_show&quot;:&quot;1&quot;,&quot;slides_to_show_tablet&quot;:&quot;1&quot;,&quot;slides_to_scroll&quot;:&quot;1&quot;,&quot;_position&quot;:&quot;absolute&quot;,&quot;slides_to_show_mobile&quot;:&quot;1&quot;,&quot;speed&quot;:500,&quot;arrows&quot;:&quot;yes&quot;,&quot;image_spacing_custom&quot;:{&quot;unit&quot;:&quot;px&quot;,&quot;size&quot;:10,&quot;sizes&quot;:[]},&quot;image_spacing_custom_laptop&quot;:{&quot;unit&quot;:&quot;px&quot;,&quot;size&quot;:&quot;&quot;,&quot;sizes&quot;:[]},&quot;image_spacing_custom_tablet_extra&quot;:{&quot;unit&quot;:&quot;px&quot;,&quot;size&quot;:&quot;&quot;,&quot;sizes&quot;:[]},&quot;image_spacing_custom_tablet&quot;:{&quot;unit&quot;:&quot;px&quot;,&quot;size&quot;:&quot;&quot;,&quot;sizes&quot;:[]},&quot;image_spacing_custom_mobile&quot;:{&quot;unit&quot;:&quot;px&quot;,&quot;size&quot;:&quot;&quot;,&quot;sizes&quot;:[]}}\" data-widget_type=\"nested-carousel.default\">\n\t\t\t\t<div class=\"elementor-widget-container\">\n\t\t\t\t\t\t\t<div class=\"e-n-carousel swiper\" role=\"region\" aria-roledescription=\"carousel\" aria-label=\"Carousel\" dir=\"ltr\">\n\t\t\t<div class=\"swiper-wrapper\" aria-live=\"polite\">\n\t\t\t\t\t\t\t\t\t\t<div class=\"swiper-slide\" data-slide=\"1\" role=\"group\" aria-roledescription=\"slide\" aria-label=\"1 of 1\">\n\t\t\t\t\t\t\t<div class=\"elementor-element elementor-element-8411011 e-con-full e-flex e-con e-child\" data-id=\"8411011\" data-element_type=\"container\" data-e-type=\"container\" data-settings=\"{&quot;background_background&quot;:&quot;classic&quot;}\">\n\t\t\t\t<\/div>\n\t\t\t\t\t\t\t\t<\/div>\n\t\t\t\t\t\t\t\t<\/div>\n\t\t<\/div>\n\t\t\t\t\t\t<\/div>\n\t\t\t\t<\/div>\n\t\t<div class=\"elementor-element elementor-element-1066963 e-flex e-con-boxed e-con e-child\" data-id=\"1066963\" data-element_type=\"container\" data-e-type=\"container\">\n\t\t\t\t\t<div class=\"e-con-inner\">\n\t\t\t\t<div class=\"elementor-element elementor-element-0c59553 fade-text-hero animated-slow elementor-invisible elementor-widget elementor-widget-heading\" data-id=\"0c59553\" data-element_type=\"widget\" data-e-type=\"widget\" data-settings=\"{&quot;_animation&quot;:&quot;fadeIn&quot;}\" data-widget_type=\"heading.default\">\n\t\t\t\t<div class=\"elementor-widget-container\">\n\t\t\t\t\t<span class=\"elementor-heading-title elementor-size-default\">Le Domaine<br> du Roi Arthur<\/span>\t\t\t\t<\/div>\n\t\t\t\t<\/div>\n\t\t\t\t\t<\/div>\n\t\t\t\t<\/div>\n\t\t\t\t<\/div>\n\t\t<div class=\"elementor-element elementor-element-6adab4d e-flex e-con-boxed e-con e-parent\" data-id=\"6adab4d\" data-element_type=\"container\" data-e-type=\"container\">\n\t\t\t\t\t<div class=\"e-con-inner\">\n\t\t\t\t<div class=\"elementor-element elementor-element-e1e9ae7 elementor-widget elementor-widget-text-editor\" data-id=\"e1e9ae7\" data-element_type=\"widget\" data-e-type=\"widget\" data-widget_type=\"text-editor.default\">\n\t\t\t\t<div class=\"elementor-widget-container\">\n\t\t\t\t\t\t\t\t\t<p>La protection de vos renseignements personnels<\/p><p>Nous sommes ravis de vous accueillir sur notre site internet et nous comprenons l\u2019importance de prot\u00e9ger vos informations personnelles. Nous nous engageons \u00e0 respecter votre droit \u00e0 la confidentialit\u00e9 et \u00e0 la protection de vos donn\u00e9es. Cette politique explique quels types de renseignements personnels nous recueillons, comment nous les utilisons et dans quels cas nous pouvons les divulguer. En utilisant notre site, vous acceptez que vos informations personnelles soient trait\u00e9es conform\u00e9ment \u00e0 cette politique de confidentialit\u00e9.<\/p><ol><li>Collecte des renseignements personnels<\/li><\/ol><p>Lors de votre r\u00e9servation aupr\u00e8s de notre h\u00f4tel, vous serez amen\u00e9 \u00e0 fournir certaines informations personnelles, telles que votre nom, adresse email, adresse de r\u00e9sidence, date de naissance, num\u00e9ros de t\u00e9l\u00e9phone, d\u00e9tails de r\u00e9servation et informations relatives \u00e0 vos \u00e9v\u00e9nements. Ces informations sont n\u00e9cessaires pour compl\u00e9ter la transaction, effectuer les r\u00e9servations et vous offrir un service personnalis\u00e9.<\/p><p>En outre, certaines informations sont collect\u00e9es pour le traitement des paiements, comme les num\u00e9ros de cartes de cr\u00e9dit. Il est important de noter qu\u2019il n\u2019est pas s\u00e9curis\u00e9 de transmettre ces informations via email, SMS ou r\u00e9seaux sociaux.<\/p><ol start=\"2\"><li>Utilisation de l\u2019information<\/li><\/ol><p>Les informations que vous fournissez nous permettent de :<\/p><p>Vous identifiez et communiquer avec vous si n\u00e9cessaire.<\/p><p>Personnaliser notre service pour r\u00e9pondre au mieux \u00e0 vos attentes.<\/p><p>Effectuer des \u00e9tudes de march\u00e9 afin d\u2019am\u00e9liorer nos services, notre site web et nos activit\u00e9s promotionnelles.<\/p><p>Lors de votre r\u00e9servation, vous nous autorisez \u00e9galement \u00e0 ajouter votre adresse email \u00e0 notre liste de diffusion pour vous envoyer des offres commerciales. Vous pouvez, \u00e0 tout moment, acc\u00e9der \u00e0 vos informations personnelles, les modifier ou les supprimer. Si vous souhaitez ne plus recevoir nos communications, vous pouvez cliquer sur le lien \u00ab Ne plus recevoir nos mails \u00bb dans nos emails ou nous contacter directement \u00e0 l\u2019adresse suivante : reception@hotelroiarthur.com<\/p><ol start=\"3\"><li>Cookies et widgets des m\u00e9dias sociaux<\/li><\/ol><p>Pour am\u00e9liorer votre exp\u00e9rience sur notre site et optimiser la navigation, nous utilisons des cookies et des balises de conversion. Ces technologies collectent des informations standard, telles que votre adresse IP, le type de navigateur, la langue de votre navigateur et les sites que vous avez visit\u00e9s avant d\u2019arriver sur notre site. Ces informations nous aident \u00e0 analyser les tendances et \u00e0 am\u00e9liorer l\u2019efficacit\u00e9 du site.<\/p><p>Nous utilisons la solution Axeptio pour g\u00e9rer votre consentement concernant les cookies. Lors de votre premi\u00e8re visite, un bandeau de consentement s\u2019affichera et vous pourrez choisir d\u2019accepter ou de refuser l\u2019utilisation de cookies non essentiels. Vous pouvez aussi personnaliser vos pr\u00e9f\u00e9rences et g\u00e9rer vos cookies \u00e0 tout moment via l\u2019ic\u00f4ne Axeptio pr\u00e9sente sur notre site.<\/p><p>Les cookies n\u00e9cessaires au bon fonctionnement du site ne peuvent pas \u00eatre d\u00e9sactiv\u00e9s, tandis que vous avez la possibilit\u00e9 de d\u00e9sactiver les autres types de cookies si vous le souhaitez.<\/p><ol start=\"4\"><li>S\u00e9curit\u00e9 des donn\u00e9es<\/li><\/ol><p>Nous mettons en \u0153uvre des mesures de s\u00e9curit\u00e9 pour prot\u00e9ger vos informations personnelles contre l\u2019acc\u00e8s non autoris\u00e9, la modification ou la divulgation. Cependant, aucune m\u00e9thode de transmission ou de stockage \u00e9lectronique n\u2019est totalement s\u00e9curis\u00e9e. Nous vous conseillons donc de prendre toutes les pr\u00e9cautions n\u00e9cessaires pour prot\u00e9ger vos donn\u00e9es personnelles<\/p><ol start=\"5\"><li>Modifications de la politique de confidentialit\u00e9<\/li><\/ol><p>Nous nous r\u00e9servons le droit de modifier cette politique de confidentialit\u00e9 \u00e0 tout moment. Toute modification sera publi\u00e9e sur cette page avec une date de mise \u00e0 jour. Nous vous encourageons \u00e0 consulter r\u00e9guli\u00e8rement cette page pour \u00eatre inform\u00e9 de toute \u00e9volution.<\/p><ol start=\"6\"><li>Contact<\/li><\/ol><p>Si vous avez des questions ou des pr\u00e9occupations concernant notre politique de confidentialit\u00e9, n\u2019h\u00e9sitez pas \u00e0 nous contacter \u00e0 l\u2019adresse suivante : reception@hotelroiarthur.com<\/p>\t\t\t\t\t\t\t\t<\/div>\n\t\t\t\t<\/div>\n\t\t\t\t\t<\/div>\n\t\t\t\t<\/div>\n\t\t\t\t<\/div>\n\t\t","protected":false},"excerpt":{"rendered":"<p>Le Domaine du Roi Arthur La protection de vos renseignements personnels Nous sommes ravis de vous accueillir sur notre site internet et nous comprenons l\u2019importance de prot\u00e9ger vos informations personnelles. Nous nous engageons \u00e0 respecter votre droit \u00e0 la confidentialit\u00e9 et \u00e0 la protection de vos donn\u00e9es. Cette politique explique quels types de renseignements personnels [&hellip;]<\/p>\n","protected":false},"author":13,"featured_media":0,"parent":0,"menu_order":13,"comment_status":"closed","ping_status":"closed","template":"","meta":{"_acf_changed":false,"inline_featured_image":false,"footnotes":""},"class_list":["post-505","page","type-page","status-publish","hentry"],"acf":[],"_links":{"self":[{"href":"https:\/\/www.domaineroiarthur.com\/en\/wp-json\/wp\/v2\/pages\/505","targetHints":{"allow":["GET"]}}],"collection":[{"href":"https:\/\/www.domaineroiarthur.com\/en\/wp-json\/wp\/v2\/pages"}],"about":[{"href":"https:\/\/www.domaineroiarthur.com\/en\/wp-json\/wp\/v2\/types\/page"}],"author":[{"embeddable":true,"href":"https:\/\/www.domaineroiarthur.com\/en\/wp-json\/wp\/v2\/users\/13"}],"replies":[{"embeddable":true,"href":"https:\/\/www.domaineroiarthur.com\/en\/wp-json\/wp\/v2\/comments?post=505"}],"version-history":[{"count":34,"href":"https:\/\/www.domaineroiarthur.com\/en\/wp-json\/wp\/v2\/pages\/505\/revisions"}],"predecessor-version":[{"id":6127,"href":"https:\/\/www.domaineroiarthur.com\/en\/wp-json\/wp\/v2\/pages\/505\/revisions\/6127"}],"wp:attachment":[{"href":"https:\/\/www.domaineroiarthur.com\/en\/wp-json\/wp\/v2\/media?parent=505"}],"curies":[{"name":"wp","href":"https:\/\/api.w.org\/{rel}","templated":true}]}}