{"id":499,"date":"2025-09-04T14:47:52","date_gmt":"2025-09-04T12:47:52","guid":{"rendered":"https:\/\/www.domaineroiarthur.com\/?page_id=499"},"modified":"2026-04-21T11:34:26","modified_gmt":"2026-04-21T09:34:26","slug":"faq-hotels","status":"publish","type":"page","link":"https:\/\/www.domaineroiarthur.com\/en\/faq-hotels\/","title":{"rendered":"FAQ - Hotels"},"content":{"rendered":"\t\t<div data-elementor-type=\"wp-page\" data-elementor-id=\"499\" class=\"elementor elementor-499\" data-elementor-post-type=\"page\">\n\t\t\t\t<div class=\"elementor-element elementor-element-6aaf200 e-flex e-con-boxed e-con e-parent\" data-id=\"6aaf200\" data-element_type=\"container\" data-e-type=\"container\" data-settings=\"{&quot;background_background&quot;:&quot;classic&quot;}\">\n\t\t\t\t\t<div class=\"e-con-inner\">\n\t\t\t\t<div class=\"elementor-element elementor-element-2cb50ae elementor-widget elementor-widget-heading\" data-id=\"2cb50ae\" data-element_type=\"widget\" data-e-type=\"widget\" data-widget_type=\"heading.default\">\n\t\t\t\t<div class=\"elementor-widget-container\">\n\t\t\t\t\t<h2 class=\"elementor-heading-title elementor-size-default\">Toutes les r\u00e9ponses \u00e0 vos questions pour votre week-end<\/h2>\t\t\t\t<\/div>\n\t\t\t\t<\/div>\n\t\t\t\t<div class=\"elementor-element elementor-element-d7552f2 elementor-widget elementor-widget-n-accordion\" data-id=\"d7552f2\" data-element_type=\"widget\" data-e-type=\"widget\" data-settings=\"{&quot;default_state&quot;:&quot;expanded&quot;,&quot;max_items_expended&quot;:&quot;one&quot;,&quot;n_accordion_animation_duration&quot;:{&quot;unit&quot;:&quot;ms&quot;,&quot;size&quot;:400,&quot;sizes&quot;:[]}}\" data-widget_type=\"nested-accordion.default\">\n\t\t\t\t<div class=\"elementor-widget-container\">\n\t\t\t\t\t\t\t<div class=\"e-n-accordion\" aria-label=\"Accordion. Open links with Enter or Space, close with Escape, and navigate with Arrow Keys\">\n\t\t\t\t\t\t<details id=\"e-n-accordion-item-2250\" class=\"e-n-accordion-item\" open>\n\t\t\t\t<summary class=\"e-n-accordion-item-title\" data-accordion-index=\"1\" tabindex=\"0\" aria-expanded=\"true\" aria-controls=\"e-n-accordion-item-2250\" >\n\t\t\t\t\t<span class='e-n-accordion-item-title-header'><div class=\"e-n-accordion-item-title-text\"> Parking \/ Stationnement <\/div><\/span>\n\t\t\t\t\t\t\t<span class='e-n-accordion-item-title-icon'>\n\t\t\t<span class='e-opened' ><svg xmlns=\"http:\/\/www.w3.org\/2000\/svg\" width=\"17\" height=\"9\" viewBox=\"0 0 17 9\" fill=\"none\"><path d=\"M15.9532 8.63769L8.45325 1.6377L0.953247 8.6377\" stroke=\"#2E2828\"><\/path><\/svg><\/span>\n\t\t\t<span class='e-closed'><svg xmlns=\"http:\/\/www.w3.org\/2000\/svg\" width=\"17\" height=\"10\" viewBox=\"0 0 17 10\" fill=\"none\"><path d=\"M0.953247 1.6377L8.45325 8.63769L15.9532 1.6377\" stroke=\"#F7F2EE\" stroke-width=\"2\"><\/path><path d=\"M0.953247 1.6377L8.45325 8.63769L15.9532 1.6377\" stroke=\"black\" stroke-opacity=\"0.6\" stroke-width=\"2\"><\/path><\/svg><\/span>\n\t\t<\/span>\n\n\t\t\t\t\t\t<\/summary>\n\t\t\t\t<div role=\"region\" aria-labelledby=\"e-n-accordion-item-2250\" class=\"elementor-element elementor-element-9b8322c e-con-full e-flex e-con e-child\" data-id=\"9b8322c\" data-element_type=\"container\" data-e-type=\"container\">\n\t\t\t\t<div class=\"elementor-element elementor-element-402df81 elementor-widget__width-initial elementor-widget elementor-widget-text-editor\" data-id=\"402df81\" data-element_type=\"widget\" data-e-type=\"widget\" data-widget_type=\"text-editor.default\">\n\t\t\t\t<div class=\"elementor-widget-container\">\n\t\t\t\t\t\t\t\t\t<p>Nous construisons un parking de 75 places. Livraison pr\u00e9vue d\u00e9but 2025.\u00a0Durant la p\u00e9riode de travaux, voici quelques alternatives de stationnement public :\u2028 \u2028 1. en face de l\u2019h\u00f4tel\u2028 2. rue Mont Saint Jean, c\u00f4t\u00e9 oppos\u00e9 au restaurant Dragon d\u2019Or\u2028 3. parking de l\u2019Altau \u00e0 150m\u2028 4. parking du ch\u00e2teau (situ\u00e9 pr\u00e8s du parc municipal) \u00e0 200m<\/p>\t\t\t\t\t\t\t\t<\/div>\n\t\t\t\t<\/div>\n\t\t\t\t<\/div>\n\t\t\t\t\t<\/details>\n\t\t\t\t\t\t<details id=\"e-n-accordion-item-2251\" class=\"e-n-accordion-item\" >\n\t\t\t\t<summary class=\"e-n-accordion-item-title\" data-accordion-index=\"2\" tabindex=\"-1\" aria-expanded=\"false\" aria-controls=\"e-n-accordion-item-2251\" >\n\t\t\t\t\t<span class='e-n-accordion-item-title-header'><div class=\"e-n-accordion-item-title-text\">  Quelles sont les heures d\u2019arriv\u00e9e et de d\u00e9part ? <\/div><\/span>\n\t\t\t\t\t\t\t<span class='e-n-accordion-item-title-icon'>\n\t\t\t<span class='e-opened' ><svg xmlns=\"http:\/\/www.w3.org\/2000\/svg\" width=\"17\" height=\"9\" viewBox=\"0 0 17 9\" fill=\"none\"><path d=\"M15.9532 8.63769L8.45325 1.6377L0.953247 8.6377\" stroke=\"#2E2828\"><\/path><\/svg><\/span>\n\t\t\t<span class='e-closed'><svg xmlns=\"http:\/\/www.w3.org\/2000\/svg\" width=\"17\" height=\"10\" viewBox=\"0 0 17 10\" fill=\"none\"><path d=\"M0.953247 1.6377L8.45325 8.63769L15.9532 1.6377\" stroke=\"#F7F2EE\" stroke-width=\"2\"><\/path><path d=\"M0.953247 1.6377L8.45325 8.63769L15.9532 1.6377\" stroke=\"black\" stroke-opacity=\"0.6\" stroke-width=\"2\"><\/path><\/svg><\/span>\n\t\t<\/span>\n\n\t\t\t\t\t\t<\/summary>\n\t\t\t\t<div role=\"region\" aria-labelledby=\"e-n-accordion-item-2251\" class=\"elementor-element elementor-element-a364e6f e-con-full e-flex e-con e-child\" data-id=\"a364e6f\" data-element_type=\"container\" data-e-type=\"container\">\n\t\t\t\t<div class=\"elementor-element elementor-element-9330a8e elementor-widget__width-initial elementor-widget elementor-widget-text-editor\" data-id=\"9330a8e\" data-element_type=\"widget\" data-e-type=\"widget\" data-widget_type=\"text-editor.default\">\n\t\t\t\t<div class=\"elementor-widget-container\">\n\t\t\t\t\t\t\t\t\t<p>Nous construisons un parking de 75 places. Livraison pr\u00e9vue d\u00e9but 2025.\u00a0Durant la p\u00e9riode de travaux, voici quelques alternatives de stationnement public :\u2028 \u2028 1. en face de l\u2019h\u00f4tel\u2028 2. rue Mont Saint Jean, c\u00f4t\u00e9 oppos\u00e9 au restaurant Dragon d\u2019Or\u2028 3. parking de l\u2019Altau \u00e0 150m\u2028 4. parking du ch\u00e2teau (situ\u00e9 pr\u00e8s du parc municipal) \u00e0 200m<\/p>\t\t\t\t\t\t\t\t<\/div>\n\t\t\t\t<\/div>\n\t\t\t\t<\/div>\n\t\t\t\t\t<\/details>\n\t\t\t\t\t\t<details id=\"e-n-accordion-item-2252\" class=\"e-n-accordion-item\" >\n\t\t\t\t<summary class=\"e-n-accordion-item-title\" data-accordion-index=\"3\" tabindex=\"-1\" aria-expanded=\"false\" aria-controls=\"e-n-accordion-item-2252\" >\n\t\t\t\t\t<span class='e-n-accordion-item-title-header'><div class=\"e-n-accordion-item-title-text\"> Comment faire une r\u00e9servation de chambre ? <\/div><\/span>\n\t\t\t\t\t\t\t<span class='e-n-accordion-item-title-icon'>\n\t\t\t<span class='e-opened' ><svg xmlns=\"http:\/\/www.w3.org\/2000\/svg\" width=\"17\" height=\"9\" viewBox=\"0 0 17 9\" fill=\"none\"><path d=\"M15.9532 8.63769L8.45325 1.6377L0.953247 8.6377\" stroke=\"#2E2828\"><\/path><\/svg><\/span>\n\t\t\t<span class='e-closed'><svg xmlns=\"http:\/\/www.w3.org\/2000\/svg\" width=\"17\" height=\"10\" viewBox=\"0 0 17 10\" fill=\"none\"><path d=\"M0.953247 1.6377L8.45325 8.63769L15.9532 1.6377\" stroke=\"#F7F2EE\" stroke-width=\"2\"><\/path><path d=\"M0.953247 1.6377L8.45325 8.63769L15.9532 1.6377\" stroke=\"black\" stroke-opacity=\"0.6\" stroke-width=\"2\"><\/path><\/svg><\/span>\n\t\t<\/span>\n\n\t\t\t\t\t\t<\/summary>\n\t\t\t\t<div role=\"region\" aria-labelledby=\"e-n-accordion-item-2252\" class=\"elementor-element elementor-element-741fd28 e-con-full e-flex e-con e-child\" data-id=\"741fd28\" data-element_type=\"container\" data-e-type=\"container\">\n\t\t\t\t<div class=\"elementor-element elementor-element-ebd1481 elementor-widget__width-initial elementor-widget elementor-widget-text-editor\" data-id=\"ebd1481\" data-element_type=\"widget\" data-e-type=\"widget\" data-widget_type=\"text-editor.default\">\n\t\t\t\t<div class=\"elementor-widget-container\">\n\t\t\t\t\t\t\t\t\t<p>Nous construisons un parking de 75 places. Livraison pr\u00e9vue d\u00e9but 2025.\u00a0Durant la p\u00e9riode de travaux, voici quelques alternatives de stationnement public :\u2028 \u2028 1. en face de l\u2019h\u00f4tel\u2028 2. rue Mont Saint Jean, c\u00f4t\u00e9 oppos\u00e9 au restaurant Dragon d\u2019Or\u2028 3. parking de l\u2019Altau \u00e0 150m\u2028 4. parking du ch\u00e2teau (situ\u00e9 pr\u00e8s du parc municipal) \u00e0 200m<\/p>\t\t\t\t\t\t\t\t<\/div>\n\t\t\t\t<\/div>\n\t\t\t\t<\/div>\n\t\t\t\t\t<\/details>\n\t\t\t\t\t\t<details id=\"e-n-accordion-item-2253\" class=\"e-n-accordion-item\" >\n\t\t\t\t<summary class=\"e-n-accordion-item-title\" data-accordion-index=\"4\" tabindex=\"-1\" aria-expanded=\"false\" aria-controls=\"e-n-accordion-item-2253\" >\n\t\t\t\t\t<span class='e-n-accordion-item-title-header'><div class=\"e-n-accordion-item-title-text\"> Puis-je annuler une r\u00e9servation ? <\/div><\/span>\n\t\t\t\t\t\t\t<span class='e-n-accordion-item-title-icon'>\n\t\t\t<span class='e-opened' ><svg xmlns=\"http:\/\/www.w3.org\/2000\/svg\" width=\"17\" height=\"9\" viewBox=\"0 0 17 9\" fill=\"none\"><path d=\"M15.9532 8.63769L8.45325 1.6377L0.953247 8.6377\" stroke=\"#2E2828\"><\/path><\/svg><\/span>\n\t\t\t<span class='e-closed'><svg xmlns=\"http:\/\/www.w3.org\/2000\/svg\" width=\"17\" height=\"10\" viewBox=\"0 0 17 10\" fill=\"none\"><path d=\"M0.953247 1.6377L8.45325 8.63769L15.9532 1.6377\" stroke=\"#F7F2EE\" stroke-width=\"2\"><\/path><path d=\"M0.953247 1.6377L8.45325 8.63769L15.9532 1.6377\" stroke=\"black\" stroke-opacity=\"0.6\" stroke-width=\"2\"><\/path><\/svg><\/span>\n\t\t<\/span>\n\n\t\t\t\t\t\t<\/summary>\n\t\t\t\t<div role=\"region\" aria-labelledby=\"e-n-accordion-item-2253\" class=\"elementor-element elementor-element-90826a1 e-con-full e-flex e-con e-child\" data-id=\"90826a1\" data-element_type=\"container\" data-e-type=\"container\">\n\t\t\t\t<div class=\"elementor-element elementor-element-12300ed elementor-widget__width-initial elementor-widget elementor-widget-text-editor\" data-id=\"12300ed\" data-element_type=\"widget\" data-e-type=\"widget\" data-widget_type=\"text-editor.default\">\n\t\t\t\t<div class=\"elementor-widget-container\">\n\t\t\t\t\t\t\t\t\t<p>Nous construisons un parking de 75 places. Livraison pr\u00e9vue d\u00e9but 2025.\u00a0Durant la p\u00e9riode de travaux, voici quelques alternatives de stationnement public :\u2028 \u2028 1. en face de l\u2019h\u00f4tel\u2028 2. rue Mont Saint Jean, c\u00f4t\u00e9 oppos\u00e9 au restaurant Dragon d\u2019Or\u2028 3. parking de l\u2019Altau \u00e0 150m\u2028 4. parking du ch\u00e2teau (situ\u00e9 pr\u00e8s du parc municipal) \u00e0 200m<\/p>\t\t\t\t\t\t\t\t<\/div>\n\t\t\t\t<\/div>\n\t\t\t\t<\/div>\n\t\t\t\t\t<\/details>\n\t\t\t\t\t\t<details id=\"e-n-accordion-item-2254\" class=\"e-n-accordion-item\" >\n\t\t\t\t<summary class=\"e-n-accordion-item-title\" data-accordion-index=\"5\" tabindex=\"-1\" aria-expanded=\"false\" aria-controls=\"e-n-accordion-item-2254\" >\n\t\t\t\t\t<span class='e-n-accordion-item-title-header'><div class=\"e-n-accordion-item-title-text\"> Les animaux sont-ils autoris\u00e9s ? <\/div><\/span>\n\t\t\t\t\t\t\t<span class='e-n-accordion-item-title-icon'>\n\t\t\t<span class='e-opened' ><svg xmlns=\"http:\/\/www.w3.org\/2000\/svg\" width=\"17\" height=\"9\" viewBox=\"0 0 17 9\" fill=\"none\"><path d=\"M15.9532 8.63769L8.45325 1.6377L0.953247 8.6377\" stroke=\"#2E2828\"><\/path><\/svg><\/span>\n\t\t\t<span class='e-closed'><svg xmlns=\"http:\/\/www.w3.org\/2000\/svg\" width=\"17\" height=\"10\" viewBox=\"0 0 17 10\" fill=\"none\"><path d=\"M0.953247 1.6377L8.45325 8.63769L15.9532 1.6377\" stroke=\"#F7F2EE\" stroke-width=\"2\"><\/path><path d=\"M0.953247 1.6377L8.45325 8.63769L15.9532 1.6377\" stroke=\"black\" stroke-opacity=\"0.6\" stroke-width=\"2\"><\/path><\/svg><\/span>\n\t\t<\/span>\n\n\t\t\t\t\t\t<\/summary>\n\t\t\t\t<div role=\"region\" aria-labelledby=\"e-n-accordion-item-2254\" class=\"elementor-element elementor-element-9a7c2e3 e-con-full e-flex e-con e-child\" data-id=\"9a7c2e3\" data-element_type=\"container\" data-e-type=\"container\">\n\t\t\t\t<div class=\"elementor-element elementor-element-186f432 elementor-widget__width-initial elementor-widget elementor-widget-text-editor\" data-id=\"186f432\" data-element_type=\"widget\" data-e-type=\"widget\" data-widget_type=\"text-editor.default\">\n\t\t\t\t<div class=\"elementor-widget-container\">\n\t\t\t\t\t\t\t\t\t<p>Nos amis de compagnie (- de 10 kg) sont autoris\u00e9s. Un tapis et accessoires sont mis \u00e0 votre disposition. Il faudra pr\u00e9voir un suppl\u00e9ment de 25 \u20ac par jour et par animal.<i>\u00a0<\/i><\/p><p><i>Ils ont un comportement sociable : ils peuvent rester seuls dans la chambre de leurs ma\u00eetres sans faire de d\u00e9g\u00e2ts et sont tenus en laisse en dehors de la chambre et dans les espaces communs. Pour des questions d&rsquo;hygi\u00e8ne, les espaces de restaurations et de Spa ne leur sont pas autoris\u00e9s.<\/i><\/p>\t\t\t\t\t\t\t\t<\/div>\n\t\t\t\t<\/div>\n\t\t\t\t<\/div>\n\t\t\t\t\t<\/details>\n\t\t\t\t\t<\/div>\n\t\t\t\t\t<script type=\"application\/ld+json\">{\"@context\":\"https:\\\/\\\/schema.org\",\"@type\":\"FAQPage\",\"mainEntity\":[{\"@type\":\"Question\",\"name\":\"Parking \\\/ Stationnement\",\"acceptedAnswer\":{\"@type\":\"Answer\",\"text\":\"Nous construisons un parking de 75 places. Livraison pr\\u00e9vue d\\u00e9but 2025.\\u00a0Durant la p\\u00e9riode de travaux, voici quelques alternatives de stationnement public :\\u2028 \\u2028 1. en face de l\\u2019h\\u00f4tel\\u2028 2. rue Mont Saint Jean, c\\u00f4t\\u00e9 oppos\\u00e9 au restaurant Dragon d\\u2019Or\\u2028 3. parking de l\\u2019Altau \\u00e0 150m\\u2028 4. parking du ch\\u00e2teau (situ\\u00e9 pr\\u00e8s du parc municipal) \\u00e0 200m\"}},{\"@type\":\"Question\",\"name\":\"Quelles sont les heures d\\u2019arriv\\u00e9e et de d\\u00e9part ?\",\"acceptedAnswer\":{\"@type\":\"Answer\",\"text\":\"Nous construisons un parking de 75 places. Livraison pr\\u00e9vue d\\u00e9but 2025.\\u00a0Durant la p\\u00e9riode de travaux, voici quelques alternatives de stationnement public :\\u2028 \\u2028 1. en face de l\\u2019h\\u00f4tel\\u2028 2. rue Mont Saint Jean, c\\u00f4t\\u00e9 oppos\\u00e9 au restaurant Dragon d\\u2019Or\\u2028 3. parking de l\\u2019Altau \\u00e0 150m\\u2028 4. parking du ch\\u00e2teau (situ\\u00e9 pr\\u00e8s du parc municipal) \\u00e0 200m\"}},{\"@type\":\"Question\",\"name\":\"Comment faire une r\\u00e9servation de chambre ?\",\"acceptedAnswer\":{\"@type\":\"Answer\",\"text\":\"Nous construisons un parking de 75 places. Livraison pr\\u00e9vue d\\u00e9but 2025.\\u00a0Durant la p\\u00e9riode de travaux, voici quelques alternatives de stationnement public :\\u2028 \\u2028 1. en face de l\\u2019h\\u00f4tel\\u2028 2. rue Mont Saint Jean, c\\u00f4t\\u00e9 oppos\\u00e9 au restaurant Dragon d\\u2019Or\\u2028 3. parking de l\\u2019Altau \\u00e0 150m\\u2028 4. parking du ch\\u00e2teau (situ\\u00e9 pr\\u00e8s du parc municipal) \\u00e0 200m\"}},{\"@type\":\"Question\",\"name\":\"Puis-je annuler une r\\u00e9servation ?\",\"acceptedAnswer\":{\"@type\":\"Answer\",\"text\":\"Nous construisons un parking de 75 places. Livraison pr\\u00e9vue d\\u00e9but 2025.\\u00a0Durant la p\\u00e9riode de travaux, voici quelques alternatives de stationnement public :\\u2028 \\u2028 1. en face de l\\u2019h\\u00f4tel\\u2028 2. rue Mont Saint Jean, c\\u00f4t\\u00e9 oppos\\u00e9 au restaurant Dragon d\\u2019Or\\u2028 3. parking de l\\u2019Altau \\u00e0 150m\\u2028 4. parking du ch\\u00e2teau (situ\\u00e9 pr\\u00e8s du parc municipal) \\u00e0 200m\"}},{\"@type\":\"Question\",\"name\":\"Les animaux sont-ils autoris\\u00e9s ?\",\"acceptedAnswer\":{\"@type\":\"Answer\",\"text\":\"Nos amis de compagnie (- de 10 kg) sont autoris\\u00e9s. Un tapis et accessoires sont mis \\u00e0 votre disposition. Il faudra pr\\u00e9voir un suppl\\u00e9ment de 25 \\u20ac par jour et par animal.\\u00a0Ils ont un comportement sociable : ils peuvent rester seuls dans la chambre de leurs ma\\u00eetres sans faire de d\\u00e9g\\u00e2ts et sont tenus en laisse en dehors de la chambre et dans les espaces communs. Pour des questions d&rsquo;hygi\\u00e8ne, les espaces de restaurations et de Spa ne leur sont pas autoris\\u00e9s.\"}}]}<\/script>\n\t\t\t\t\t\t\t<\/div>\n\t\t\t\t<\/div>\n\t\t\t\t\t<\/div>\n\t\t\t\t<\/div>\n\t\t<div class=\"elementor-element elementor-element-803001e e-flex e-con-boxed e-con e-parent\" data-id=\"803001e\" data-element_type=\"container\" data-e-type=\"container\">\n\t\t\t\t\t<div class=\"e-con-inner\">\n\t\t<div class=\"elementor-element elementor-element-2427972 e-con-full e-flex e-con e-child\" data-id=\"2427972\" data-element_type=\"container\" data-e-type=\"container\">\n\t\t\t\t<div class=\"elementor-element elementor-element-abb61c1 elementor-widget elementor-widget-heading\" data-id=\"abb61c1\" data-element_type=\"widget\" data-e-type=\"widget\" data-widget_type=\"heading.default\">\n\t\t\t\t<div class=\"elementor-widget-container\">\n\t\t\t\t\t<span class=\"elementor-heading-title elementor-size-default\">R\u00e9servations<\/span>\t\t\t\t<\/div>\n\t\t\t\t<\/div>\n\t\t\t\t<div class=\"elementor-element elementor-element-f6bf2af elementor-widget elementor-widget-text-editor\" data-id=\"f6bf2af\" data-element_type=\"widget\" data-e-type=\"widget\" data-widget_type=\"text-editor.default\">\n\t\t\t\t<div class=\"elementor-widget-container\">\n\t\t\t\t\t\t\t\t\t<p>Les r\u00e9servations de s\u00e9jour se font en ligne uniquement, selon disponibilit\u00e9s. Vous pouvez remplir le formulaire sur l&rsquo;onglet RESERVER ou nous contacter pour effectuer une r\u00e9servation avec un coffret cadeau. \u2028Check In 16h00 \/ Check Out 12h00.<\/p>\t\t\t\t\t\t\t\t<\/div>\n\t\t\t\t<\/div>\n\t\t\t\t<\/div>\n\t\t<div class=\"elementor-element elementor-element-223396f e-con-full e-flex e-con e-child\" data-id=\"223396f\" data-element_type=\"container\" data-e-type=\"container\">\n\t\t\t\t<div class=\"elementor-element elementor-element-85b11ca elementor-widget elementor-widget-heading\" data-id=\"85b11ca\" data-element_type=\"widget\" data-e-type=\"widget\" data-widget_type=\"heading.default\">\n\t\t\t\t<div class=\"elementor-widget-container\">\n\t\t\t\t\t<span class=\"elementor-heading-title elementor-size-default\">R\u00e9sident\u2028Acc\u00e8s SILVA\u00cb NATURE Spa\n<\/span>\t\t\t\t<\/div>\n\t\t\t\t<\/div>\n\t\t\t\t<div class=\"elementor-element elementor-element-171e516 elementor-widget elementor-widget-text-editor\" data-id=\"171e516\" data-element_type=\"widget\" data-e-type=\"widget\" data-widget_type=\"text-editor.default\">\n\t\t\t\t<div class=\"elementor-widget-container\">\n\t\t\t\t\t\t\t\t\t<p>Acc\u00e8s \u00e0 Silva\u00eb Nature Spa propos\u00e9 au tarif privil\u00e9gi\u00e9 de 30 \u20ac par personne pour une journ\u00e9e d\u2019acc\u00e8s. Cet acc\u00e8s est valable uniquement pour la journ\u00e9e r\u00e9serv\u00e9e (9h-20h). Toute utilisation du spa en dehors de cette p\u00e9riode (avant ou apr\u00e8s) n\u00e9cessitera le r\u00e8glement d\u2019un nouvel acc\u00e8s. Nombre de places NON LIMIT\u00c9E pour la client\u00e8le r\u00e9sidente.<\/p><div class=\"flex flex-col text-sm pb-25\"><section class=\"text-token-text-primary w-full focus:outline-none [--shadow-height:45px] has-data-writing-block:pointer-events-none has-data-writing-block:-mt-(--shadow-height) has-data-writing-block:pt-(--shadow-height) [&amp;:has([data-writing-block])&gt;*]:pointer-events-auto scroll-mt-[calc(var(--header-height)+min(200px,max(70px,20svh)))]\" dir=\"auto\" data-turn-id=\"request-WEB:78c54549-b22c-4121-b6aa-b2ed0cffc159-2\" data-testid=\"conversation-turn-6\" data-scroll-anchor=\"true\" data-turn=\"assistant\"><div class=\"text-base my-auto mx-auto pb-10 [--thread-content-margin:var(--thread-content-margin-xs,calc(var(--spacing)*4))] @w-sm\/main:[--thread-content-margin:var(--thread-content-margin-sm,calc(var(--spacing)*6))] @w-lg\/main:[--thread-content-margin:var(--thread-content-margin-lg,calc(var(--spacing)*16))] px-(--thread-content-margin)\"><div class=\"[--thread-content-max-width:40rem] @w-lg\/main:[--thread-content-max-width:48rem] mx-auto max-w-(--thread-content-max-width) flex-1 group\/turn-messages focus-visible:outline-hidden relative flex w-full min-w-0 flex-col agent-turn\"><div class=\"flex max-w-full flex-col gap-4 grow\"><div class=\"min-h-8 text-message relative flex w-full flex-col items-end gap-2 text-start break-words whitespace-normal outline-none keyboard-focused:focus-ring [.text-message+&amp;]:mt-1\" dir=\"auto\" tabindex=\"0\" data-message-author-role=\"assistant\" data-message-id=\"18901c62-bc21-445b-ae41-a94d13e28739\" data-message-model-slug=\"gpt-5-3\" data-turn-start-message=\"true\"><div class=\"flex w-full flex-col gap-1 empty:hidden\"><div class=\"markdown prose dark:prose-invert w-full wrap-break-word light markdown-new-styling\"><p data-start=\"0\" data-end=\"367\" data-is-last-node=\"\" data-is-only-node=\"\">Acc\u00e8s SPA \u00e0 partir de 15 ans.<\/p><\/div><\/div><\/div><\/div><\/div><\/div><\/section><\/div>\t\t\t\t\t\t\t\t<\/div>\n\t\t\t\t<\/div>\n\t\t\t\t<\/div>\n\t\t<div class=\"elementor-element elementor-element-f215e8c e-con-full e-flex e-con e-child\" data-id=\"f215e8c\" data-element_type=\"container\" data-e-type=\"container\">\n\t\t\t\t<div class=\"elementor-element elementor-element-86af94c elementor-widget elementor-widget-heading\" data-id=\"86af94c\" data-element_type=\"widget\" data-e-type=\"widget\" data-widget_type=\"heading.default\">\n\t\t\t\t<div class=\"elementor-widget-container\">\n\t\t\t\t\t<span class=\"elementor-heading-title elementor-size-default\">Moyens de r\u00e8glement accept\u00e9s<\/span>\t\t\t\t<\/div>\n\t\t\t\t<\/div>\n\t\t\t\t<div class=\"elementor-element elementor-element-9428d9c elementor-widget elementor-widget-text-editor\" data-id=\"9428d9c\" data-element_type=\"widget\" data-e-type=\"widget\" data-widget_type=\"text-editor.default\">\n\t\t\t\t<div class=\"elementor-widget-container\">\n\t\t\t\t\t\t\t\t\t<p>Esp\u00e8ce \/ CB \/ Amex. L&rsquo;h\u00f4tel n&rsquo;accepte pas les ch\u00e8ques bancaires.\u2028 Ch\u00e8ques vacances uniquement pour un s\u00e9jour (hors achat de coffret cadeau).<\/p>\t\t\t\t\t\t\t\t<\/div>\n\t\t\t\t<\/div>\n\t\t\t\t<\/div>\n\t\t\t\t\t<\/div>\n\t\t\t\t<\/div>\n\t\t\t\t<\/div>\n\t\t","protected":false},"excerpt":{"rendered":"<p>Toutes les r\u00e9ponses \u00e0 vos questions pour votre week-end Parking \/ Stationnement Nous construisons un parking de 75 places. Livraison pr\u00e9vue d\u00e9but 2025.\u00a0Durant la p\u00e9riode de travaux, voici quelques alternatives de stationnement public :\u2028 \u2028 1. en face de l\u2019h\u00f4tel\u2028 2. rue Mont Saint Jean, c\u00f4t\u00e9 oppos\u00e9 au restaurant Dragon d\u2019Or\u2028 3. parking de l\u2019Altau [&hellip;]<\/p>\n","protected":false},"author":13,"featured_media":0,"parent":0,"menu_order":11,"comment_status":"closed","ping_status":"closed","template":"","meta":{"_acf_changed":false,"inline_featured_image":false,"footnotes":""},"class_list":["post-499","page","type-page","status-publish","hentry"],"acf":[],"_links":{"self":[{"href":"https:\/\/www.domaineroiarthur.com\/en\/wp-json\/wp\/v2\/pages\/499","targetHints":{"allow":["GET"]}}],"collection":[{"href":"https:\/\/www.domaineroiarthur.com\/en\/wp-json\/wp\/v2\/pages"}],"about":[{"href":"https:\/\/www.domaineroiarthur.com\/en\/wp-json\/wp\/v2\/types\/page"}],"author":[{"embeddable":true,"href":"https:\/\/www.domaineroiarthur.com\/en\/wp-json\/wp\/v2\/users\/13"}],"replies":[{"embeddable":true,"href":"https:\/\/www.domaineroiarthur.com\/en\/wp-json\/wp\/v2\/comments?post=499"}],"version-history":[{"count":40,"href":"https:\/\/www.domaineroiarthur.com\/en\/wp-json\/wp\/v2\/pages\/499\/revisions"}],"predecessor-version":[{"id":6921,"href":"https:\/\/www.domaineroiarthur.com\/en\/wp-json\/wp\/v2\/pages\/499\/revisions\/6921"}],"wp:attachment":[{"href":"https:\/\/www.domaineroiarthur.com\/en\/wp-json\/wp\/v2\/media?parent=499"}],"curies":[{"name":"wp","href":"https:\/\/api.w.org\/{rel}","templated":true}]}}