{"id":494,"date":"2025-09-04T14:47:12","date_gmt":"2025-09-04T12:47:12","guid":{"rendered":"https:\/\/www.domaineroiarthur.com\/?page_id=494"},"modified":"2025-12-03T13:32:39","modified_gmt":"2025-12-03T12:32:39","slug":"spa-faq","status":"publish","type":"page","link":"https:\/\/www.domaineroiarthur.com\/en\/spa-nature-silvae\/faq-spa\/","title":{"rendered":"FAQ - Spa"},"content":{"rendered":"\t\t<div data-elementor-type=\"wp-page\" data-elementor-id=\"494\" class=\"elementor elementor-494\" data-elementor-post-type=\"page\">\n\t\t\t\t<div class=\"elementor-element elementor-element-cedefa5 e-flex e-con-boxed e-con e-parent\" data-id=\"cedefa5\" data-element_type=\"container\" data-e-type=\"container\" data-settings=\"{&quot;background_background&quot;:&quot;classic&quot;}\">\n\t\t\t\t\t<div class=\"e-con-inner\">\n\t\t\t\t<div class=\"elementor-element elementor-element-eb09845 elementor-widget elementor-widget-heading\" data-id=\"eb09845\" data-element_type=\"widget\" data-e-type=\"widget\" data-widget_type=\"heading.default\">\n\t\t\t\t<div class=\"elementor-widget-container\">\n\t\t\t\t\t<h2 class=\"elementor-heading-title elementor-size-default\">Toutes les r\u00e9ponses \u00e0 vos questions pour votre s\u00e9jour<\/h2>\t\t\t\t<\/div>\n\t\t\t\t<\/div>\n\t\t\t\t<div class=\"elementor-element elementor-element-bec8b13 elementor-widget elementor-widget-n-accordion\" data-id=\"bec8b13\" data-element_type=\"widget\" data-e-type=\"widget\" data-settings=\"{&quot;default_state&quot;:&quot;expanded&quot;,&quot;max_items_expended&quot;:&quot;one&quot;,&quot;n_accordion_animation_duration&quot;:{&quot;unit&quot;:&quot;ms&quot;,&quot;size&quot;:400,&quot;sizes&quot;:[]}}\" data-widget_type=\"nested-accordion.default\">\n\t\t\t\t<div class=\"elementor-widget-container\">\n\t\t\t\t\t\t\t<div class=\"e-n-accordion\" aria-label=\"Accordion. Open links with Enter or Space, close with Escape, and navigate with Arrow Keys\">\n\t\t\t\t\t\t<details id=\"e-n-accordion-item-2000\" class=\"e-n-accordion-item\" open>\n\t\t\t\t<summary class=\"e-n-accordion-item-title\" data-accordion-index=\"1\" tabindex=\"0\" aria-expanded=\"true\" aria-controls=\"e-n-accordion-item-2000\" >\n\t\t\t\t\t<span class='e-n-accordion-item-title-header'><div class=\"e-n-accordion-item-title-text\"> Parking \/ Stationnement <\/div><\/span>\n\t\t\t\t\t\t\t<span class='e-n-accordion-item-title-icon'>\n\t\t\t<span class='e-opened' ><svg xmlns=\"http:\/\/www.w3.org\/2000\/svg\" width=\"17\" height=\"9\" viewBox=\"0 0 17 9\" fill=\"none\"><path d=\"M15.9532 8.63769L8.45325 1.6377L0.953247 8.6377\" stroke=\"#2E2828\"><\/path><\/svg><\/span>\n\t\t\t<span class='e-closed'><svg xmlns=\"http:\/\/www.w3.org\/2000\/svg\" width=\"17\" height=\"10\" viewBox=\"0 0 17 10\" fill=\"none\"><path d=\"M0.953247 1.6377L8.45325 8.63769L15.9532 1.6377\" stroke=\"#F7F2EE\" stroke-width=\"2\"><\/path><path d=\"M0.953247 1.6377L8.45325 8.63769L15.9532 1.6377\" stroke=\"black\" stroke-opacity=\"0.6\" stroke-width=\"2\"><\/path><\/svg><\/span>\n\t\t<\/span>\n\n\t\t\t\t\t\t<\/summary>\n\t\t\t\t<div role=\"region\" aria-labelledby=\"e-n-accordion-item-2000\" class=\"elementor-element elementor-element-4ec63c3 e-con-full e-flex e-con e-child\" data-id=\"4ec63c3\" data-element_type=\"container\" data-e-type=\"container\">\n\t\t\t\t<div class=\"elementor-element elementor-element-1ba189d elementor-widget__width-initial elementor-widget elementor-widget-text-editor\" data-id=\"1ba189d\" data-element_type=\"widget\" data-e-type=\"widget\" data-widget_type=\"text-editor.default\">\n\t\t\t\t<div class=\"elementor-widget-container\">\n\t\t\t\t\t\t\t\t\t<p>Trois parkings gratuits sont \u00e0 votre disposition \u00e0 l\u2019entr\u00e9e du Domaine, pour une capacit\u00e9 totale de 200 places. Vous pourrez stationner facilement d\u00e8s votre arriv\u00e9e.<\/p>\t\t\t\t\t\t\t\t<\/div>\n\t\t\t\t<\/div>\n\t\t\t\t<\/div>\n\t\t\t\t\t<\/details>\n\t\t\t\t\t\t<details id=\"e-n-accordion-item-2001\" class=\"e-n-accordion-item\" >\n\t\t\t\t<summary class=\"e-n-accordion-item-title\" data-accordion-index=\"2\" tabindex=\"-1\" aria-expanded=\"false\" aria-controls=\"e-n-accordion-item-2001\" >\n\t\t\t\t\t<span class='e-n-accordion-item-title-header'><div class=\"e-n-accordion-item-title-text\">  Quelles sont les heures d\u2019arriv\u00e9e et de d\u00e9part ? <\/div><\/span>\n\t\t\t\t\t\t\t<span class='e-n-accordion-item-title-icon'>\n\t\t\t<span class='e-opened' ><svg xmlns=\"http:\/\/www.w3.org\/2000\/svg\" width=\"17\" height=\"9\" viewBox=\"0 0 17 9\" fill=\"none\"><path d=\"M15.9532 8.63769L8.45325 1.6377L0.953247 8.6377\" stroke=\"#2E2828\"><\/path><\/svg><\/span>\n\t\t\t<span class='e-closed'><svg xmlns=\"http:\/\/www.w3.org\/2000\/svg\" width=\"17\" height=\"10\" viewBox=\"0 0 17 10\" fill=\"none\"><path d=\"M0.953247 1.6377L8.45325 8.63769L15.9532 1.6377\" stroke=\"#F7F2EE\" stroke-width=\"2\"><\/path><path d=\"M0.953247 1.6377L8.45325 8.63769L15.9532 1.6377\" stroke=\"black\" stroke-opacity=\"0.6\" stroke-width=\"2\"><\/path><\/svg><\/span>\n\t\t<\/span>\n\n\t\t\t\t\t\t<\/summary>\n\t\t\t\t<div role=\"region\" aria-labelledby=\"e-n-accordion-item-2001\" class=\"elementor-element elementor-element-41a8642 e-con-full e-flex e-con e-child\" data-id=\"41a8642\" data-element_type=\"container\" data-e-type=\"container\">\n\t\t\t\t<div class=\"elementor-element elementor-element-fbffb14 elementor-widget__width-initial elementor-widget elementor-widget-text-editor\" data-id=\"fbffb14\" data-element_type=\"widget\" data-e-type=\"widget\" data-widget_type=\"text-editor.default\">\n\t\t\t\t<div class=\"elementor-widget-container\">\n\t\t\t\t\t\t\t\t\t<p>Les chambres sont disponibles \u00e0 partir de 16h le jour de votre arriv\u00e9e. Le d\u00e9part doit s\u2019effectuer au plus tard \u00e0 11h.<\/p><p>Vous pouvez b\u00e9n\u00e9ficier d\u2019un acc\u00e8s au Silva\u00eb Nature Spa d\u00e8s 9h moyennant un suppl\u00e9ment, avec mise \u00e0 disposition de futas et serviettes.<\/p>\t\t\t\t\t\t\t\t<\/div>\n\t\t\t\t<\/div>\n\t\t\t\t<\/div>\n\t\t\t\t\t<\/details>\n\t\t\t\t\t\t<details id=\"e-n-accordion-item-2002\" class=\"e-n-accordion-item\" >\n\t\t\t\t<summary class=\"e-n-accordion-item-title\" data-accordion-index=\"3\" tabindex=\"-1\" aria-expanded=\"false\" aria-controls=\"e-n-accordion-item-2002\" >\n\t\t\t\t\t<span class='e-n-accordion-item-title-header'><div class=\"e-n-accordion-item-title-text\"> Comment r\u00e9server une chambre ? <\/div><\/span>\n\t\t\t\t\t\t\t<span class='e-n-accordion-item-title-icon'>\n\t\t\t<span class='e-opened' ><svg xmlns=\"http:\/\/www.w3.org\/2000\/svg\" width=\"17\" height=\"9\" viewBox=\"0 0 17 9\" fill=\"none\"><path d=\"M15.9532 8.63769L8.45325 1.6377L0.953247 8.6377\" stroke=\"#2E2828\"><\/path><\/svg><\/span>\n\t\t\t<span class='e-closed'><svg xmlns=\"http:\/\/www.w3.org\/2000\/svg\" width=\"17\" height=\"10\" viewBox=\"0 0 17 10\" fill=\"none\"><path d=\"M0.953247 1.6377L8.45325 8.63769L15.9532 1.6377\" stroke=\"#F7F2EE\" stroke-width=\"2\"><\/path><path d=\"M0.953247 1.6377L8.45325 8.63769L15.9532 1.6377\" stroke=\"black\" stroke-opacity=\"0.6\" stroke-width=\"2\"><\/path><\/svg><\/span>\n\t\t<\/span>\n\n\t\t\t\t\t\t<\/summary>\n\t\t\t\t<div role=\"region\" aria-labelledby=\"e-n-accordion-item-2002\" class=\"elementor-element elementor-element-12f26b5 e-con-full e-flex e-con e-child\" data-id=\"12f26b5\" data-element_type=\"container\" data-e-type=\"container\">\n\t\t\t\t<div class=\"elementor-element elementor-element-4e33d54 elementor-widget__width-initial elementor-widget elementor-widget-text-editor\" data-id=\"4e33d54\" data-element_type=\"widget\" data-e-type=\"widget\" data-widget_type=\"text-editor.default\">\n\t\t\t\t<div class=\"elementor-widget-container\">\n\t\t\t\t\t\t\t\t\t<p>Les r\u00e9servations se font directement sur notre site internet. Il vous suffit de s\u00e9lectionner vos dates de s\u00e9jour et de choisir l\u2019h\u00e9bergement souhait\u00e9. Un processus simple, s\u00e9curis\u00e9 et rapide !<\/p>\t\t\t\t\t\t\t\t<\/div>\n\t\t\t\t<\/div>\n\t\t\t\t<\/div>\n\t\t\t\t\t<\/details>\n\t\t\t\t\t\t<details id=\"e-n-accordion-item-2003\" class=\"e-n-accordion-item\" >\n\t\t\t\t<summary class=\"e-n-accordion-item-title\" data-accordion-index=\"4\" tabindex=\"-1\" aria-expanded=\"false\" aria-controls=\"e-n-accordion-item-2003\" >\n\t\t\t\t\t<span class='e-n-accordion-item-title-header'><div class=\"e-n-accordion-item-title-text\"> L\u2019acc\u00e8s au spa est-il inclus dans la r\u00e9servation de ma chambre ? <\/div><\/span>\n\t\t\t\t\t\t\t<span class='e-n-accordion-item-title-icon'>\n\t\t\t<span class='e-opened' ><svg xmlns=\"http:\/\/www.w3.org\/2000\/svg\" width=\"17\" height=\"9\" viewBox=\"0 0 17 9\" fill=\"none\"><path d=\"M15.9532 8.63769L8.45325 1.6377L0.953247 8.6377\" stroke=\"#2E2828\"><\/path><\/svg><\/span>\n\t\t\t<span class='e-closed'><svg xmlns=\"http:\/\/www.w3.org\/2000\/svg\" width=\"17\" height=\"10\" viewBox=\"0 0 17 10\" fill=\"none\"><path d=\"M0.953247 1.6377L8.45325 8.63769L15.9532 1.6377\" stroke=\"#F7F2EE\" stroke-width=\"2\"><\/path><path d=\"M0.953247 1.6377L8.45325 8.63769L15.9532 1.6377\" stroke=\"black\" stroke-opacity=\"0.6\" stroke-width=\"2\"><\/path><\/svg><\/span>\n\t\t<\/span>\n\n\t\t\t\t\t\t<\/summary>\n\t\t\t\t<div role=\"region\" aria-labelledby=\"e-n-accordion-item-2003\" class=\"elementor-element elementor-element-c838692 e-con-full e-flex e-con e-child\" data-id=\"c838692\" data-element_type=\"container\" data-e-type=\"container\">\n\t\t\t\t<div class=\"elementor-element elementor-element-fee564f elementor-widget__width-initial elementor-widget elementor-widget-text-editor\" data-id=\"fee564f\" data-element_type=\"widget\" data-e-type=\"widget\" data-widget_type=\"text-editor.default\">\n\t\t\t\t<div class=\"elementor-widget-container\">\n\t\t\t\t\t\t\t\t\t<p>L\u2019acc\u00e8s au spa n\u2019est pas inclus dans la r\u00e9servation standard de votre chambre. Toutefois, certaines offres sp\u00e9ciales et forfaits incluent l\u2019entr\u00e9e au spa. N\u2019h\u00e9sitez pas \u00e0 consulter nos offres en cours sur le site.<\/p>\t\t\t\t\t\t\t\t<\/div>\n\t\t\t\t<\/div>\n\t\t\t\t<\/div>\n\t\t\t\t\t<\/details>\n\t\t\t\t\t\t<details id=\"e-n-accordion-item-2004\" class=\"e-n-accordion-item\" >\n\t\t\t\t<summary class=\"e-n-accordion-item-title\" data-accordion-index=\"5\" tabindex=\"-1\" aria-expanded=\"false\" aria-controls=\"e-n-accordion-item-2004\" >\n\t\t\t\t\t<span class='e-n-accordion-item-title-header'><div class=\"e-n-accordion-item-title-text\"> Conditions d'annulation <\/div><\/span>\n\t\t\t\t\t\t\t<span class='e-n-accordion-item-title-icon'>\n\t\t\t<span class='e-opened' ><svg xmlns=\"http:\/\/www.w3.org\/2000\/svg\" width=\"17\" height=\"9\" viewBox=\"0 0 17 9\" fill=\"none\"><path d=\"M15.9532 8.63769L8.45325 1.6377L0.953247 8.6377\" stroke=\"#2E2828\"><\/path><\/svg><\/span>\n\t\t\t<span class='e-closed'><svg xmlns=\"http:\/\/www.w3.org\/2000\/svg\" width=\"17\" height=\"10\" viewBox=\"0 0 17 10\" fill=\"none\"><path d=\"M0.953247 1.6377L8.45325 8.63769L15.9532 1.6377\" stroke=\"#F7F2EE\" stroke-width=\"2\"><\/path><path d=\"M0.953247 1.6377L8.45325 8.63769L15.9532 1.6377\" stroke=\"black\" stroke-opacity=\"0.6\" stroke-width=\"2\"><\/path><\/svg><\/span>\n\t\t<\/span>\n\n\t\t\t\t\t\t<\/summary>\n\t\t\t\t<div role=\"region\" aria-labelledby=\"e-n-accordion-item-2004\" class=\"elementor-element elementor-element-6cc47ab e-con-full e-flex e-con e-child\" data-id=\"6cc47ab\" data-element_type=\"container\" data-e-type=\"container\">\n\t\t\t\t<div class=\"elementor-element elementor-element-9eb4fc1 elementor-widget__width-initial elementor-widget elementor-widget-text-editor\" data-id=\"9eb4fc1\" data-element_type=\"widget\" data-e-type=\"widget\" data-widget_type=\"text-editor.default\">\n\t\t\t\t<div class=\"elementor-widget-container\">\n\t\t\t\t\t\t\t\t\t<p>Toute annulation doit \u00eatre communiqu\u00e9e \u00e0 la r\u00e9ception au minimum 24 heures avant la date d\u2019arriv\u00e9e, par e-mail \u00e0 l\u2019adresse suivante : reception@hotelroiarthur.com. Pass\u00e9 ce d\u00e9lai, ou en cas de non-pr\u00e9sentation, la totalit\u00e9 du s\u00e9jour sera factur\u00e9e. Les r\u00e9servations effectu\u00e9es dans un d\u00e9lai inf\u00e9rieur \u00e0 24h avant l\u2019arriv\u00e9e sont non annulables et non remboursables.<\/p>\t\t\t\t\t\t\t\t<\/div>\n\t\t\t\t<\/div>\n\t\t\t\t<\/div>\n\t\t\t\t\t<\/details>\n\t\t\t\t\t\t<details id=\"e-n-accordion-item-2005\" class=\"e-n-accordion-item\" >\n\t\t\t\t<summary class=\"e-n-accordion-item-title\" data-accordion-index=\"6\" tabindex=\"-1\" aria-expanded=\"false\" aria-controls=\"e-n-accordion-item-2005\" >\n\t\t\t\t\t<span class='e-n-accordion-item-title-header'><div class=\"e-n-accordion-item-title-text\"> Les animaux sont-ils autoris\u00e9s ? <\/div><\/span>\n\t\t\t\t\t\t\t<span class='e-n-accordion-item-title-icon'>\n\t\t\t<span class='e-opened' ><svg xmlns=\"http:\/\/www.w3.org\/2000\/svg\" width=\"17\" height=\"9\" viewBox=\"0 0 17 9\" fill=\"none\"><path d=\"M15.9532 8.63769L8.45325 1.6377L0.953247 8.6377\" stroke=\"#2E2828\"><\/path><\/svg><\/span>\n\t\t\t<span class='e-closed'><svg xmlns=\"http:\/\/www.w3.org\/2000\/svg\" width=\"17\" height=\"10\" viewBox=\"0 0 17 10\" fill=\"none\"><path d=\"M0.953247 1.6377L8.45325 8.63769L15.9532 1.6377\" stroke=\"#F7F2EE\" stroke-width=\"2\"><\/path><path d=\"M0.953247 1.6377L8.45325 8.63769L15.9532 1.6377\" stroke=\"black\" stroke-opacity=\"0.6\" stroke-width=\"2\"><\/path><\/svg><\/span>\n\t\t<\/span>\n\n\t\t\t\t\t\t<\/summary>\n\t\t\t\t<div role=\"region\" aria-labelledby=\"e-n-accordion-item-2005\" class=\"elementor-element elementor-element-0606745 e-con-full e-flex e-con e-child\" data-id=\"0606745\" data-element_type=\"container\" data-e-type=\"container\">\n\t\t\t\t<div class=\"elementor-element elementor-element-4890c0b elementor-widget__width-initial elementor-widget elementor-widget-text-editor\" data-id=\"4890c0b\" data-element_type=\"widget\" data-e-type=\"widget\" data-widget_type=\"text-editor.default\">\n\t\t\t\t<div class=\"elementor-widget-container\">\n\t\t\t\t\t\t\t\t\t<p>Oui, vos compagnons \u00e0 quatre pattes (-10 kg) sont les bienvenus ! Un suppl\u00e9ment de 20\u20ac\/jour\/animal s\u2019applique. Ce tarif inclut quelques attentions particuli\u00e8res de notre \u00e9quipe. Les animaux ne sont pas autoris\u00e9s au restaurant ni au spa.<\/p>\t\t\t\t\t\t\t\t<\/div>\n\t\t\t\t<\/div>\n\t\t\t\t<\/div>\n\t\t\t\t\t<\/details>\n\t\t\t\t\t<\/div>\n\t\t\t\t\t<script type=\"application\/ld+json\">{\"@context\":\"https:\\\/\\\/schema.org\",\"@type\":\"FAQPage\",\"mainEntity\":[{\"@type\":\"Question\",\"name\":\"Parking \\\/ Stationnement\",\"acceptedAnswer\":{\"@type\":\"Answer\",\"text\":\"Trois parkings gratuits sont \\u00e0 votre disposition \\u00e0 l\\u2019entr\\u00e9e du Domaine, pour une capacit\\u00e9 totale de 200 places. Vous pourrez stationner facilement d\\u00e8s votre arriv\\u00e9e.\"}},{\"@type\":\"Question\",\"name\":\"Quelles sont les heures d\\u2019arriv\\u00e9e et de d\\u00e9part ?\",\"acceptedAnswer\":{\"@type\":\"Answer\",\"text\":\"Les chambres sont disponibles \\u00e0 partir de 16h le jour de votre arriv\\u00e9e. Le d\\u00e9part doit s\\u2019effectuer au plus tard \\u00e0 11h.Vous pouvez b\\u00e9n\\u00e9ficier d\\u2019un acc\\u00e8s au Silva\\u00eb Nature Spa d\\u00e8s 9h moyennant un suppl\\u00e9ment, avec mise \\u00e0 disposition de futas et serviettes.\"}},{\"@type\":\"Question\",\"name\":\"Comment r\\u00e9server une chambre ?\",\"acceptedAnswer\":{\"@type\":\"Answer\",\"text\":\"Les r\\u00e9servations se font directement sur notre site internet. Il vous suffit de s\\u00e9lectionner vos dates de s\\u00e9jour et de choisir l\\u2019h\\u00e9bergement souhait\\u00e9. Un processus simple, s\\u00e9curis\\u00e9 et rapide !\"}},{\"@type\":\"Question\",\"name\":\"L\\u2019acc\\u00e8s au spa est-il inclus dans la r\\u00e9servation de ma chambre ?\",\"acceptedAnswer\":{\"@type\":\"Answer\",\"text\":\"L\\u2019acc\\u00e8s au spa n\\u2019est pas inclus dans la r\\u00e9servation standard de votre chambre. Toutefois, certaines offres sp\\u00e9ciales et forfaits incluent l\\u2019entr\\u00e9e au spa. N\\u2019h\\u00e9sitez pas \\u00e0 consulter nos offres en cours sur le site.\"}},{\"@type\":\"Question\",\"name\":\"Conditions d'annulation\",\"acceptedAnswer\":{\"@type\":\"Answer\",\"text\":\"Toute annulation doit \\u00eatre communiqu\\u00e9e \\u00e0 la r\\u00e9ception au minimum 24 heures avant la date d\\u2019arriv\\u00e9e, par e-mail \\u00e0 l\\u2019adresse suivante : reception@hotelroiarthur.com. Pass\\u00e9 ce d\\u00e9lai, ou en cas de non-pr\\u00e9sentation, la totalit\\u00e9 du s\\u00e9jour sera factur\\u00e9e. Les r\\u00e9servations effectu\\u00e9es dans un d\\u00e9lai inf\\u00e9rieur \\u00e0 24h avant l\\u2019arriv\\u00e9e sont non annulables et non remboursables.\"}},{\"@type\":\"Question\",\"name\":\"Les animaux sont-ils autoris\\u00e9s ?\",\"acceptedAnswer\":{\"@type\":\"Answer\",\"text\":\"Oui, vos compagnons \\u00e0 quatre pattes (-10 kg) sont les bienvenus ! Un suppl\\u00e9ment de 20\\u20ac\\\/jour\\\/animal s\\u2019applique. Ce tarif inclut quelques attentions particuli\\u00e8res de notre \\u00e9quipe. Les animaux ne sont pas autoris\\u00e9s au restaurant ni au spa.\"}}]}<\/script>\n\t\t\t\t\t\t\t<\/div>\n\t\t\t\t<\/div>\n\t\t\t\t\t<\/div>\n\t\t\t\t<\/div>\n\t\t<div class=\"elementor-element elementor-element-f0df4fd e-flex e-con-boxed e-con e-parent\" data-id=\"f0df4fd\" data-element_type=\"container\" data-e-type=\"container\" data-settings=\"{&quot;background_background&quot;:&quot;classic&quot;}\">\n\t\t\t\t\t<div class=\"e-con-inner\">\n\t\t<div class=\"elementor-element elementor-element-b18ae8b e-con-full e-flex e-con e-child\" data-id=\"b18ae8b\" data-element_type=\"container\" data-e-type=\"container\">\n\t\t\t\t<div class=\"elementor-element elementor-element-0afff89 elementor-widget elementor-widget-heading\" data-id=\"0afff89\" data-element_type=\"widget\" data-e-type=\"widget\" data-widget_type=\"heading.default\">\n\t\t\t\t<div class=\"elementor-widget-container\">\n\t\t\t\t\t<span class=\"elementor-heading-title elementor-size-default\">R\u00e9servations<\/span>\t\t\t\t<\/div>\n\t\t\t\t<\/div>\n\t\t\t\t<div class=\"elementor-element elementor-element-e17734b elementor-widget elementor-widget-text-editor\" data-id=\"e17734b\" data-element_type=\"widget\" data-e-type=\"widget\" data-widget_type=\"text-editor.default\">\n\t\t\t\t<div class=\"elementor-widget-container\">\n\t\t\t\t\t\t\t\t\t<p>Les r\u00e9servations se font en ligne uniquement, selon disponibilit\u00e9s. Vous pouvez remplir le formulaire sur l&rsquo;onglet RESERVER et si vous b\u00e9n\u00e9ficiez d&rsquo;un coffret cadeau vous s\u00e9lectionnez \u00ab\u00a0R\u00e9servation avec Bon Cadeau\u00a0\u00bb o\u00f9 vous renseignerez votre num\u00e9ro de bon qui vous pr\u00e9senterez lors de votre acc\u00e8s \u00e0 Silva\u00eb. \u2028<\/p>\t\t\t\t\t\t\t\t<\/div>\n\t\t\t\t<\/div>\n\t\t\t\t<\/div>\n\t\t<div class=\"elementor-element elementor-element-8b326ec e-con-full e-flex e-con e-child\" data-id=\"8b326ec\" data-element_type=\"container\" data-e-type=\"container\">\n\t\t\t\t<div class=\"elementor-element elementor-element-835f91d elementor-widget elementor-widget-heading\" data-id=\"835f91d\" data-element_type=\"widget\" data-e-type=\"widget\" data-widget_type=\"heading.default\">\n\t\t\t\t<div class=\"elementor-widget-container\">\n\t\t\t\t\t<span class=\"elementor-heading-title elementor-size-default\">R\u00e9sident\u2028Acc\u00e8s a silvae<\/span>\t\t\t\t<\/div>\n\t\t\t\t<\/div>\n\t\t\t\t<div class=\"elementor-element elementor-element-e630a1d elementor-widget elementor-widget-text-editor\" data-id=\"e630a1d\" data-element_type=\"widget\" data-e-type=\"widget\" data-widget_type=\"text-editor.default\">\n\t\t\t\t<div class=\"elementor-widget-container\">\n\t\t\t\t\t\t\t\t\t<p>Nos clients r\u00e9sidents, \u00e0 l&rsquo;h\u00f4tel Best Western Le Roi Arthur et \u00e0 l&rsquo;h\u00f4tel Lancelot, b\u00e9n\u00e9ficient d&rsquo;un tarif privil\u00e9gi\u00e9 de 30 Euros par acc\u00e8s, par personne, \u00e0 Silva\u00eb, le jour de l&rsquo;arriv\u00e9e \u00e0 partir de 16h et jusqu&rsquo;\u00e0 12h le jour du d\u00e9part.<\/p><p>Il n\u2019est pas n\u00e9cessaire de r\u00e9server. Nombre de places NON LIMIT\u00c9E pour la client\u00e8le r\u00e9sidente.\u00a0<\/p><p>Nous vous demandons de pr\u00e9voir vos maillots de bain et vos claquettes.<\/p>\t\t\t\t\t\t\t\t<\/div>\n\t\t\t\t<\/div>\n\t\t\t\t<\/div>\n\t\t<div class=\"elementor-element elementor-element-17d612e e-con-full e-flex e-con e-child\" data-id=\"17d612e\" data-element_type=\"container\" data-e-type=\"container\">\n\t\t\t\t<div class=\"elementor-element elementor-element-8d1330f elementor-widget elementor-widget-heading\" data-id=\"8d1330f\" data-element_type=\"widget\" data-e-type=\"widget\" data-widget_type=\"heading.default\">\n\t\t\t\t<div class=\"elementor-widget-container\">\n\t\t\t\t\t<span class=\"elementor-heading-title elementor-size-default\">Moyens de r\u00e8glement accept\u00e9s<\/span>\t\t\t\t<\/div>\n\t\t\t\t<\/div>\n\t\t\t\t<div class=\"elementor-element elementor-element-3f19b54 elementor-widget elementor-widget-text-editor\" data-id=\"3f19b54\" data-element_type=\"widget\" data-e-type=\"widget\" data-widget_type=\"text-editor.default\">\n\t\t\t\t<div class=\"elementor-widget-container\">\n\t\t\t\t\t\t\t\t\t<p>Esp\u00e8ce \/ CB \/ Amex. L&rsquo;h\u00f4tel n&rsquo;accepte pas les ch\u00e8ques bancaires.\u2028 Ch\u00e8ques vacances uniquement pour un s\u00e9jour (hors achat de coffret cadeau ni prestations Silva\u00eb Nature Spa).<\/p>\t\t\t\t\t\t\t\t<\/div>\n\t\t\t\t<\/div>\n\t\t\t\t<\/div>\n\t\t\t\t\t<\/div>\n\t\t\t\t<\/div>\n\t\t\t\t<\/div>\n\t\t","protected":false},"excerpt":{"rendered":"<p>Toutes les r\u00e9ponses \u00e0 vos questions pour votre s\u00e9jour Parking \/ Stationnement Trois parkings gratuits sont \u00e0 votre disposition \u00e0 l\u2019entr\u00e9e du Domaine, pour une capacit\u00e9 totale de 200 places. Vous pourrez stationner facilement d\u00e8s votre arriv\u00e9e. Quelles sont les heures d\u2019arriv\u00e9e et de d\u00e9part ? Les chambres sont disponibles \u00e0 partir de 16h le [&hellip;]<\/p>\n","protected":false},"author":13,"featured_media":0,"parent":321,"menu_order":4,"comment_status":"closed","ping_status":"closed","template":"","meta":{"_acf_changed":false,"inline_featured_image":false,"footnotes":""},"class_list":["post-494","page","type-page","status-publish","hentry"],"acf":[],"_links":{"self":[{"href":"https:\/\/www.domaineroiarthur.com\/en\/wp-json\/wp\/v2\/pages\/494","targetHints":{"allow":["GET"]}}],"collection":[{"href":"https:\/\/www.domaineroiarthur.com\/en\/wp-json\/wp\/v2\/pages"}],"about":[{"href":"https:\/\/www.domaineroiarthur.com\/en\/wp-json\/wp\/v2\/types\/page"}],"author":[{"embeddable":true,"href":"https:\/\/www.domaineroiarthur.com\/en\/wp-json\/wp\/v2\/users\/13"}],"replies":[{"embeddable":true,"href":"https:\/\/www.domaineroiarthur.com\/en\/wp-json\/wp\/v2\/comments?post=494"}],"version-history":[{"count":28,"href":"https:\/\/www.domaineroiarthur.com\/en\/wp-json\/wp\/v2\/pages\/494\/revisions"}],"predecessor-version":[{"id":6268,"href":"https:\/\/www.domaineroiarthur.com\/en\/wp-json\/wp\/v2\/pages\/494\/revisions\/6268"}],"up":[{"embeddable":true,"href":"https:\/\/www.domaineroiarthur.com\/en\/wp-json\/wp\/v2\/pages\/321"}],"wp:attachment":[{"href":"https:\/\/www.domaineroiarthur.com\/en\/wp-json\/wp\/v2\/media?parent=494"}],"curies":[{"name":"wp","href":"https:\/\/api.w.org\/{rel}","templated":true}]}}