{"id":4390,"date":"2025-09-30T11:45:34","date_gmt":"2025-09-30T09:45:34","guid":{"rendered":"https:\/\/www.domaineroiarthur.com\/?page_id=4390"},"modified":"2025-11-28T16:19:10","modified_gmt":"2025-11-28T15:19:10","slug":"legal-information","status":"publish","type":"page","link":"https:\/\/www.domaineroiarthur.com\/en\/mentions-legales\/","title":{"rendered":"Legal information"},"content":{"rendered":"\t\t<div data-elementor-type=\"wp-page\" data-elementor-id=\"4390\" class=\"elementor elementor-4390\" data-elementor-post-type=\"page\">\n\t\t\t\t<div class=\"elementor-element elementor-element-9246a8b e-con-full e-flex e-con e-parent\" data-id=\"9246a8b\" data-element_type=\"container\" data-e-type=\"container\" id=\"hero\" data-settings=\"{&quot;background_background&quot;:&quot;slideshow&quot;,&quot;background_slideshow_gallery&quot;:[],&quot;background_slideshow_loop&quot;:&quot;yes&quot;,&quot;background_slideshow_slide_duration&quot;:5000,&quot;background_slideshow_slide_transition&quot;:&quot;fade&quot;,&quot;background_slideshow_transition_duration&quot;:500}\">\n\t\t\t\t<div class=\"elementor-element elementor-element-10ce5a6 elementor-absolute elementor-widget__width-inherit elementor-arrows-position-inside elementor-widget elementor-widget-n-carousel\" data-id=\"10ce5a6\" data-element_type=\"widget\" data-e-type=\"widget\" data-settings=\"{&quot;carousel_items&quot;:[{&quot;slide_title&quot;:&quot;Diapositive N\\u00b01&quot;,&quot;_id&quot;:&quot;5e6053d&quot;}],&quot;slides_to_show&quot;:&quot;1&quot;,&quot;slides_to_show_tablet&quot;:&quot;1&quot;,&quot;slides_to_scroll&quot;:&quot;1&quot;,&quot;_position&quot;:&quot;absolute&quot;,&quot;slides_to_show_mobile&quot;:&quot;1&quot;,&quot;speed&quot;:500,&quot;arrows&quot;:&quot;yes&quot;,&quot;image_spacing_custom&quot;:{&quot;unit&quot;:&quot;px&quot;,&quot;size&quot;:10,&quot;sizes&quot;:[]},&quot;image_spacing_custom_laptop&quot;:{&quot;unit&quot;:&quot;px&quot;,&quot;size&quot;:&quot;&quot;,&quot;sizes&quot;:[]},&quot;image_spacing_custom_tablet_extra&quot;:{&quot;unit&quot;:&quot;px&quot;,&quot;size&quot;:&quot;&quot;,&quot;sizes&quot;:[]},&quot;image_spacing_custom_tablet&quot;:{&quot;unit&quot;:&quot;px&quot;,&quot;size&quot;:&quot;&quot;,&quot;sizes&quot;:[]},&quot;image_spacing_custom_mobile&quot;:{&quot;unit&quot;:&quot;px&quot;,&quot;size&quot;:&quot;&quot;,&quot;sizes&quot;:[]}}\" data-widget_type=\"nested-carousel.default\">\n\t\t\t\t<div class=\"elementor-widget-container\">\n\t\t\t\t\t\t\t<div class=\"e-n-carousel swiper\" role=\"region\" aria-roledescription=\"carousel\" aria-label=\"Carousel\" dir=\"ltr\">\n\t\t\t<div class=\"swiper-wrapper\" aria-live=\"polite\">\n\t\t\t\t\t\t\t\t\t\t<div class=\"swiper-slide\" data-slide=\"1\" role=\"group\" aria-roledescription=\"slide\" aria-label=\"1 of 1\">\n\t\t\t\t\t\t\t<div class=\"elementor-element elementor-element-2d7b3b5 e-con-full e-flex e-con e-child\" data-id=\"2d7b3b5\" data-element_type=\"container\" data-e-type=\"container\" data-settings=\"{&quot;background_background&quot;:&quot;classic&quot;}\">\n\t\t\t\t<\/div>\n\t\t\t\t\t\t\t\t<\/div>\n\t\t\t\t\t\t\t\t<\/div>\n\t\t<\/div>\n\t\t\t\t\t\t<\/div>\n\t\t\t\t<\/div>\n\t\t<div class=\"elementor-element elementor-element-8441477 e-flex e-con-boxed e-con e-child\" data-id=\"8441477\" data-element_type=\"container\" data-e-type=\"container\">\n\t\t\t\t\t<div class=\"e-con-inner\">\n\t\t\t\t<div class=\"elementor-element elementor-element-b86cd42 fade-text-hero animated-slow elementor-invisible elementor-widget elementor-widget-heading\" data-id=\"b86cd42\" data-element_type=\"widget\" data-e-type=\"widget\" data-settings=\"{&quot;_animation&quot;:&quot;fadeIn&quot;}\" data-widget_type=\"heading.default\">\n\t\t\t\t<div class=\"elementor-widget-container\">\n\t\t\t\t\t<span class=\"elementor-heading-title elementor-size-default\">Le Domaine<br> du Roi Arthur<\/span>\t\t\t\t<\/div>\n\t\t\t\t<\/div>\n\t\t\t\t\t<\/div>\n\t\t\t\t<\/div>\n\t\t\t\t<\/div>\n\t\t<div class=\"elementor-element elementor-element-a0ba945 e-flex e-con-boxed e-con e-parent\" data-id=\"a0ba945\" data-element_type=\"container\" data-e-type=\"container\">\n\t\t\t\t\t<div class=\"e-con-inner\">\n\t\t\t\t<div class=\"elementor-element elementor-element-6f98215 elementor-widget elementor-widget-text-editor\" data-id=\"6f98215\" data-element_type=\"widget\" data-e-type=\"widget\" data-widget_type=\"text-editor.default\">\n\t\t\t\t<div class=\"elementor-widget-container\">\n\t\t\t\t\t\t\t\t\t<p>URL : domaineroiarthur.com<\/p><p>Raison sociale : SAS LE ROI ARTHUR<\/p><p>Capital social : 172500,00<\/p><p>TVA intracommunautaire : FR58384645917<\/p><p>RCS : Vannes B 384645917<\/p><p>Si\u00e8ge social : LAC AU DUC, 56800 PLOERMEL<\/p><p>\u00a0<\/p><p>\u00a0<\/p><p>Domaine le Roi Arthur :<\/p><p>T\u00e9l : <a href=\"tel:+33388955008\">+33 (0)3 88 95 50 08<\/a><\/p><p>E-mail : <a href=\"mailto:info@leroiarthur.fr\">info@leroiarthur.fr<\/a><\/p><p>\u00a0<\/p><p>\u00a0<\/p><p>\u00a0<\/p><ol><li>Objet du site<\/li><\/ol><p>Le site internet du Domaine Le Roi Arthur est d\u00e9di\u00e9 \u00e0 la promotion de l\u2019\u00e9tablissement, \u00e0 la fourniture d\u2019informations et \u00e0 la collecte de donn\u00e9es personnelles pour les besoins de la r\u00e9servation et de la gestion de la relation client.<\/p><p>\u00a0<\/p><p><strong>Responsabilit\u00e9<\/strong><\/p><p>Directeur de la publication : Francis TESTA<\/p><p>Responsable \u00e9ditorial : Francis TESTA<\/p><p>Webmaster, conception, \u00e9dition, h\u00e9bergement : Eliophot + HEBERGEUR ( Hetzner Online GmbH \u2013 Industriestr. 25 \u2013 91710 Gunzenhausen \u2013 Deutschland ou Group Dis au 28, rue des Arts, 59800 Lille (03 20 09 11 68) ou autre si g\u00e9r\u00e9 par client)<\/p><p>\u00a0<\/p><ol start=\"2\"><li>Collecte de donn\u00e9es personnelles<\/li><\/ol><p>Le site du Domaine Le Roi Arthur collecte des donn\u00e9es personnelles en ligne dans le cadre de la r\u00e9servation de chambres et de la gestion de votre s\u00e9jour.<\/p><p>Conform\u00e9ment \u00e0 la Loi Informatique et Libert\u00e9s, ce site a fait l\u2019objet d\u2019une d\u00e9claration aupr\u00e8s de la Commission Nationale Informatique et Libert\u00e9s (CNIL). Vous disposez d\u2019un droit d\u2019acc\u00e8s, de modification, de rectification et de suppression des donn\u00e9es personnelles vous concernant. Pour exercer ce droit, vous pouvez nous contacter \u00e0 l\u2019adresse suivante : info@leroiarthur.fr<\/p><p>\u00a0<\/p><ol start=\"3\"><li>Propri\u00e9t\u00e9 intellectuelle<\/li><\/ol><p>L\u2019ensemble des informations, contenus, logos, textes, images et autres \u00e9l\u00e9ments pr\u00e9sents sur le site sont prot\u00e9g\u00e9s par la l\u00e9gislation fran\u00e7aise et les conventions internationales relatives \u00e0 la propri\u00e9t\u00e9 intellectuelle.<\/p><p>Toute reproduction, diffusion, ou modification, totale ou partielle, sans l\u2019autorisation pr\u00e9alable du Domaine Le Roi Arthur, est strictement interdite, sauf dans le cadre de l\u2019usage priv\u00e9 ou familial.<\/p><p>\u00a0<\/p><ol start=\"4\"><li>Litiges et m\u00e9diation<\/li><\/ol><p>En cas de litige, nous vous invitons \u00e0 contacter notre service client pour tenter de r\u00e9soudre le probl\u00e8me \u00e0 l\u2019amiable.<\/p><p>\u00a0<\/p><p>Si aucune solution amiable n\u2019est trouv\u00e9e, le consommateur peut saisir gratuitement un m\u00e9diateur de la consommation, \u00e0 savoir l\u2019Association des M\u00e9diateurs Europ\u00e9ens (AME CONSO), dans un d\u00e9lai d\u2019un (1) an \u00e0 compter de la r\u00e9clamation \u00e9crite adress\u00e9e \u00e0 l\u2019H\u00f4tel.<\/p><p>\u00a0<\/p><p>Vous pouvez saisir le m\u00e9diateur :<\/p><p>En ligne, via le formulaire disponible sur le site : www.mediationconso-ame.com<\/p><p>Par voie postale, \u00e0 l\u2019adresse suivante :<\/p><p>AME CONSO \u2013 11 place Dauphine \u2013 75001 PARIS<\/p><p>\u00a0<\/p><ol start=\"5\"><li>Droit applicable et r\u00e8glement des litiges en ligne<\/li><\/ol><p>Conform\u00e9ment \u00e0 l\u2019article 14 du R\u00e8glement (UE) n\u00b0524\/2013, la Commission europ\u00e9enne met \u00e0 disposition une plateforme de r\u00e8glement en ligne des litiges (RLL). Vous pouvez y acc\u00e9der via le lien suivant :<\/p><p>\ud83d\udc49 https:\/\/ec.europa.eu\/consumers\/odr\/<\/p><p>\u00a0<\/p><ol start=\"6\"><li>Absence de droit de r\u00e9tractation<\/li><\/ol><p>Conform\u00e9ment \u00e0 l\u2019article L.221-28 du Code de la consommation, le droit de r\u00e9tractation ne s\u2019applique pas aux prestations d\u2019h\u00e9bergement fournies \u00e0 une date ou selon une p\u00e9riodicit\u00e9 d\u00e9termin\u00e9e.<\/p><p>\u00a0<\/p><ol start=\"7\"><li>Responsabilit\u00e9 limit\u00e9e de l\u2019\u00e9diteur<\/li><\/ol><p>L\u2019\u00e9diteur du site met \u00e0 disposition des utilisateurs des informations et outils qu\u2019il juge fiables. Cependant, il ne saurait \u00eatre tenu responsable des erreurs, de l\u2019indisponibilit\u00e9 des fonctionnalit\u00e9s, ou de la pr\u00e9sence de virus sur le site.<\/p><p>\u00a0<\/p><p>Les informations pr\u00e9sentes sur le site sont fournies \u00e0 titre indicatif et ne sauraient se substituer \u00e0 un conseil personnalis\u00e9. L\u2019\u00e9diteur ne garantit en aucun cas l\u2019exactitude, la compl\u00e9tude ou l\u2019actualit\u00e9 de ces informations.<\/p><p>De plus, le site peut contenir des liens vers des sites tiers. L\u2019\u00e9diteur n\u2019assume aucune responsabilit\u00e9 quant au contenu de ces sites et ne pourra \u00eatre tenu responsable des dommages directs ou indirects r\u00e9sultant de leur utilisation.<\/p><p>\u00a0<\/p><p>Vous pouvez vous opposer au d\u00e9marchage t\u00e9l\u00e9phonique en vous inscrivant gratuitement sur la liste Bloctel :\u00a0<a href=\"https:\/\/www.bloctel.gouv.fr\/\" rel=\"nofollow noopener\" target=\"_blank\">https:\/\/www.bloctel.gouv.fr<\/a>. Nous respectons la liste Bloctel et nous nous engageons \u00e0 ne pas vous contacter si vous y \u00eates inscrit.<\/p>\t\t\t\t\t\t\t\t<\/div>\n\t\t\t\t<\/div>\n\t\t\t\t\t<\/div>\n\t\t\t\t<\/div>\n\t\t\t\t<\/div>\n\t\t","protected":false},"excerpt":{"rendered":"<p>Le Domaine du Roi Arthur URL : domaineroiarthur.com Raison sociale : SAS LE ROI ARTHUR Capital social : 172500,00 TVA intracommunautaire : FR58384645917 RCS : Vannes B 384645917 Si\u00e8ge social : LAC AU DUC, 56800 PLOERMEL \u00a0 \u00a0 Domaine le Roi Arthur : T\u00e9l : +33 (0)3 88 95 50 08 E-mail : info@leroiarthur.fr \u00a0 [&hellip;]<\/p>\n","protected":false},"author":13,"featured_media":0,"parent":0,"menu_order":0,"comment_status":"closed","ping_status":"closed","template":"","meta":{"_acf_changed":false,"inline_featured_image":false,"footnotes":""},"class_list":["post-4390","page","type-page","status-publish","hentry"],"acf":[],"_links":{"self":[{"href":"https:\/\/www.domaineroiarthur.com\/en\/wp-json\/wp\/v2\/pages\/4390","targetHints":{"allow":["GET"]}}],"collection":[{"href":"https:\/\/www.domaineroiarthur.com\/en\/wp-json\/wp\/v2\/pages"}],"about":[{"href":"https:\/\/www.domaineroiarthur.com\/en\/wp-json\/wp\/v2\/types\/page"}],"author":[{"embeddable":true,"href":"https:\/\/www.domaineroiarthur.com\/en\/wp-json\/wp\/v2\/users\/13"}],"replies":[{"embeddable":true,"href":"https:\/\/www.domaineroiarthur.com\/en\/wp-json\/wp\/v2\/comments?post=4390"}],"version-history":[{"count":16,"href":"https:\/\/www.domaineroiarthur.com\/en\/wp-json\/wp\/v2\/pages\/4390\/revisions"}],"predecessor-version":[{"id":5936,"href":"https:\/\/www.domaineroiarthur.com\/en\/wp-json\/wp\/v2\/pages\/4390\/revisions\/5936"}],"wp:attachment":[{"href":"https:\/\/www.domaineroiarthur.com\/en\/wp-json\/wp\/v2\/media?parent=4390"}],"curies":[{"name":"wp","href":"https:\/\/api.w.org\/{rel}","templated":true}]}}